{"id":7,"date":"2022-09-07T19:32:08","date_gmt":"2022-09-07T19:32:08","guid":{"rendered":"https:\/\/ecos.thexrfactory.com\/?page_id=7"},"modified":"2023-01-11T00:21:17","modified_gmt":"2023-01-11T00:21:17","slug":"beautiful-portfolios-for-exceptional-creatives","status":"publish","type":"page","link":"https:\/\/ecos.thexrfactory.com\/","title":{"rendered":"ECOS"},"content":{"rendered":"\n<p class=\"has-text-align-center\"><meta charset=\"utf-8\"><\/p>\n\n\n\n<p>ECOS \u00e9 o resultado de uma parceria entre a artista da dan\u00e7a Ivani Santana (Brasil) e o artista digitalDaniel Argente (Uruguai). O projeto colocou em colabora\u00e7\u00e3o o&nbsp;Grupo de Pesquisa Po\u00e9ticas Tecnol\u00f3gicas: corpoaudiovisual, da Universidade Federal da Bahia, coordenado por Ivani, e&nbsp; grupo de pesquisa do CSIC \u2013 \u201cRealidades Expandidas\u201d \u2013 da Universidad de La Rep\u00fablica, coordenado por Daniel. <\/p>\n\n\n\n<p>ECOS es el resultado de una asociaci\u00f3n entre la artista de danza Ivani Santana (Brasil) y el artista digital Daniel Argente (Uruguay). El proyecto es una investigaci\u00f3n&nbsp; conjunta entre el Grupo de Pesquisa Po\u00e9tica Tecnol\u00f3gica: corpoaudiovisual, (Grupo de Investigaci\u00f3n Po\u00e9tica Tecnol\u00f3gica: corpoaudiovisual), coordinado por Ivani, y el grupo de investigaci\u00f3n del CSIC \u2013 \u201cRealidades Expandidas\u201d \u2013 de la Universidad de La Rep\u00fablica (Uruguay), coordinado por Daniel.<\/p>\n\n\n\n<div style=\"height:55px\" aria-hidden=\"true\" class=\"wp-block-spacer\"><\/div>\n\n\n\n<figure class=\"wp-block-image size-large\"><img loading=\"lazy\" decoding=\"async\" width=\"1024\" height=\"484\" src=\"https:\/\/ecos.thexrfactory.com\/wp-content\/uploads\/2023\/01\/Armado-entorno-montanas-Daniel-Argente--1024x484.jpg\" alt=\"\" class=\"wp-image-42\" srcset=\"https:\/\/ecos.thexrfactory.com\/wp-content\/uploads\/2023\/01\/Armado-entorno-montanas-Daniel-Argente--1024x484.jpg 1024w, https:\/\/ecos.thexrfactory.com\/wp-content\/uploads\/2023\/01\/Armado-entorno-montanas-Daniel-Argente--300x142.jpg 300w, https:\/\/ecos.thexrfactory.com\/wp-content\/uploads\/2023\/01\/Armado-entorno-montanas-Daniel-Argente--768x363.jpg 768w, https:\/\/ecos.thexrfactory.com\/wp-content\/uploads\/2023\/01\/Armado-entorno-montanas-Daniel-Argente--1536x727.jpg 1536w, https:\/\/ecos.thexrfactory.com\/wp-content\/uploads\/2023\/01\/Armado-entorno-montanas-Daniel-Argente-.jpg 1600w\" sizes=\"auto, (max-width: 1024px) 100vw, 1024px\" \/><\/figure>\n\n\n\n<figure class=\"wp-block-image size-large\"><img loading=\"lazy\" decoding=\"async\" width=\"1024\" height=\"493\" src=\"https:\/\/ecos.thexrfactory.com\/wp-content\/uploads\/2023\/01\/Armado-entorno-cueva-Daniel-Argente--1024x493.jpg\" alt=\"\" class=\"wp-image-44\" srcset=\"https:\/\/ecos.thexrfactory.com\/wp-content\/uploads\/2023\/01\/Armado-entorno-cueva-Daniel-Argente--1024x493.jpg 1024w, https:\/\/ecos.thexrfactory.com\/wp-content\/uploads\/2023\/01\/Armado-entorno-cueva-Daniel-Argente--300x144.jpg 300w, https:\/\/ecos.thexrfactory.com\/wp-content\/uploads\/2023\/01\/Armado-entorno-cueva-Daniel-Argente--768x370.jpg 768w, https:\/\/ecos.thexrfactory.com\/wp-content\/uploads\/2023\/01\/Armado-entorno-cueva-Daniel-Argente--1536x739.jpg 1536w, https:\/\/ecos.thexrfactory.com\/wp-content\/uploads\/2023\/01\/Armado-entorno-cueva-Daniel-Argente-.jpg 1600w\" sizes=\"auto, (max-width: 1024px) 100vw, 1024px\" \/><\/figure>\n","protected":false},"excerpt":{"rendered":"<p>ECOS \u00e9 o resultado de uma parceria entre a artista da dan\u00e7a Ivani Santana (Brasil) e o artista digitalDaniel Argente (Uruguai). O projeto colocou em colabora\u00e7\u00e3o o&nbsp;Grupo de Pesquisa Po\u00e9ticas Tecnol\u00f3gicas: corpoaudiovisual, da Universidade Federal da Bahia, coordenado por Ivani, e&nbsp; grupo de pesquisa do CSIC \u2013 \u201cRealidades Expandidas\u201d \u2013 da Universidad de La Rep\u00fablica, &hellip; <\/p>\n<p class=\"link-more\"><a href=\"https:\/\/ecos.thexrfactory.com\/\" class=\"more-link\">Read more<span class=\"screen-reader-text\"> &#8220;ECOS&#8221;<\/span><\/a><\/p>\n","protected":false},"author":1,"featured_media":6,"parent":0,"menu_order":0,"comment_status":"closed","ping_status":"closed","template":"","meta":{"om_disable_all_campaigns":false,"_monsterinsights_skip_tracking":false,"_monsterinsights_sitenote_active":false,"_monsterinsights_sitenote_note":"","_monsterinsights_sitenote_category":0,"footnotes":""},"class_list":["post-7","page","type-page","status-publish","has-post-thumbnail","hentry"],"aioseo_notices":[],"_links":{"self":[{"href":"https:\/\/ecos.thexrfactory.com\/index.php\/wp-json\/wp\/v2\/pages\/7","targetHints":{"allow":["GET"]}}],"collection":[{"href":"https:\/\/ecos.thexrfactory.com\/index.php\/wp-json\/wp\/v2\/pages"}],"about":[{"href":"https:\/\/ecos.thexrfactory.com\/index.php\/wp-json\/wp\/v2\/types\/page"}],"author":[{"embeddable":true,"href":"https:\/\/ecos.thexrfactory.com\/index.php\/wp-json\/wp\/v2\/users\/1"}],"replies":[{"embeddable":true,"href":"https:\/\/ecos.thexrfactory.com\/index.php\/wp-json\/wp\/v2\/comments?post=7"}],"version-history":[{"count":6,"href":"https:\/\/ecos.thexrfactory.com\/index.php\/wp-json\/wp\/v2\/pages\/7\/revisions"}],"predecessor-version":[{"id":49,"href":"https:\/\/ecos.thexrfactory.com\/index.php\/wp-json\/wp\/v2\/pages\/7\/revisions\/49"}],"wp:featuredmedia":[{"embeddable":true,"href":"https:\/\/ecos.thexrfactory.com\/index.php\/wp-json\/wp\/v2\/media\/6"}],"wp:attachment":[{"href":"https:\/\/ecos.thexrfactory.com\/index.php\/wp-json\/wp\/v2\/media?parent=7"}],"curies":[{"name":"wp","href":"https:\/\/api.w.org\/{rel}","templated":true}]}}